{"id":106,"date":"2020-09-02T13:09:55","date_gmt":"2020-09-02T11:09:55","guid":{"rendered":"https:\/\/bridge394.qodeinteractive.com\/?page_id=106"},"modified":"2023-12-11T17:08:21","modified_gmt":"2023-12-11T16:08:21","slug":"contact","status":"publish","type":"page","link":"https:\/\/saniflam.com\/cuisines-et-bains\/contact\/","title":{"rendered":"Contact"},"content":{"rendered":"\t\t<div data-elementor-type=\"wp-page\" data-elementor-id=\"106\" class=\"elementor elementor-106\">\n\t\t\t\t\t\t<section class=\"elementor-section elementor-top-section elementor-element elementor-element-3ba97b07 elementor-section-full_width elementor-hidden-tablet elementor-hidden-mobile elementor-section-height-default elementor-section-height-default parallax_section_no qode_elementor_container_no\" data-id=\"3ba97b07\" data-element_type=\"section\" data-e-type=\"section\" data-settings=\"{&quot;background_background&quot;:&quot;classic&quot;}\">\n\t\t\t\t\t\t<div class=\"elementor-container elementor-column-gap-default\">\n\t\t\t\t\t<div class=\"elementor-column elementor-col-100 elementor-top-column elementor-element elementor-element-f6e6993\" data-id=\"f6e6993\" data-element_type=\"column\" data-e-type=\"column\">\n\t\t\t<div class=\"elementor-widget-wrap elementor-element-populated\">\n\t\t\t\t\t\t<div class=\"elementor-element elementor-element-6f5cc64 elementor-widget elementor-widget-spacer\" data-id=\"6f5cc64\" data-element_type=\"widget\" data-e-type=\"widget\" data-widget_type=\"spacer.default\">\n\t\t\t\t<div class=\"elementor-widget-container\">\n\t\t\t\t\t\t\t<div class=\"elementor-spacer\">\n\t\t\t<div class=\"elementor-spacer-inner\"><\/div>\n\t\t<\/div>\n\t\t\t\t\t\t<\/div>\n\t\t\t\t<\/div>\n\t\t\t\t\t<\/div>\n\t\t<\/div>\n\t\t\t\t\t<\/div>\n\t\t<\/section>\n\t\t\t\t<section class=\"elementor-section elementor-top-section elementor-element elementor-element-568a516 elementor-section-full_width qode_elementor_container_inner elementor-section-height-default elementor-section-height-default parallax_section_no\" data-id=\"568a516\" data-element_type=\"section\" data-e-type=\"section\">\n\t\t\t\t\t\t<div class=\"elementor-container elementor-column-gap-default\">\n\t\t\t\t\t<div class=\"elementor-column elementor-col-100 elementor-top-column elementor-element elementor-element-36c1d4f\" data-id=\"36c1d4f\" data-element_type=\"column\" data-e-type=\"column\">\n\t\t\t<div class=\"elementor-widget-wrap elementor-element-populated\">\n\t\t\t\t\t\t<div class=\"elementor-element elementor-element-e102290 elementor-widget elementor-widget-heading\" data-id=\"e102290\" data-element_type=\"widget\" data-e-type=\"widget\" data-widget_type=\"heading.default\">\n\t\t\t\t<div class=\"elementor-widget-container\">\n\t\t\t\t\t<h1 class=\"elementor-heading-title elementor-size-default\">Pour nous contacter\u2026<\/h1>\t\t\t\t<\/div>\n\t\t\t\t<\/div>\n\t\t\t\t<div class=\"elementor-element elementor-element-4a915c9 elementor-widget elementor-widget-spacer\" data-id=\"4a915c9\" data-element_type=\"widget\" data-e-type=\"widget\" data-widget_type=\"spacer.default\">\n\t\t\t\t<div class=\"elementor-widget-container\">\n\t\t\t\t\t\t\t<div class=\"elementor-spacer\">\n\t\t\t<div class=\"elementor-spacer-inner\"><\/div>\n\t\t<\/div>\n\t\t\t\t\t\t<\/div>\n\t\t\t\t<\/div>\n\t\t\t\t<div class=\"elementor-element elementor-element-2312bcc elementor-widget elementor-widget-heading\" data-id=\"2312bcc\" data-element_type=\"widget\" data-e-type=\"widget\" data-widget_type=\"heading.default\">\n\t\t\t\t<div class=\"elementor-widget-container\">\n\t\t\t\t\t<h4 class=\"elementor-heading-title elementor-size-default\"><a href=\"tel:+33479040512\">Pour toute demande d\u2019information ou prise de rendez-vous : +33 4 79 04 05 12<\/a><\/h4>\t\t\t\t<\/div>\n\t\t\t\t<\/div>\n\t\t\t\t<div class=\"elementor-element elementor-element-615894e elementor-widget elementor-widget-spacer\" data-id=\"615894e\" data-element_type=\"widget\" data-e-type=\"widget\" data-widget_type=\"spacer.default\">\n\t\t\t\t<div class=\"elementor-widget-container\">\n\t\t\t\t\t\t\t<div class=\"elementor-spacer\">\n\t\t\t<div class=\"elementor-spacer-inner\"><\/div>\n\t\t<\/div>\n\t\t\t\t\t\t<\/div>\n\t\t\t\t<\/div>\n\t\t\t\t<div class=\"elementor-element elementor-element-ad59378 elementor-widget elementor-widget-heading\" data-id=\"ad59378\" data-element_type=\"widget\" data-e-type=\"widget\" data-widget_type=\"heading.default\">\n\t\t\t\t<div class=\"elementor-widget-container\">\n\t\t\t\t\t<h5 class=\"elementor-heading-title elementor-size-default\">Pour nous faire parvenir un message, veuillez remplir les champs ci-dessous, nous vous r\u00e9pondrons dans les plus brefs d\u00e9lais.<\/h5>\t\t\t\t<\/div>\n\t\t\t\t<\/div>\n\t\t\t\t<div class=\"elementor-element elementor-element-d511ed0 elementor-widget elementor-widget-spacer\" data-id=\"d511ed0\" data-element_type=\"widget\" data-e-type=\"widget\" data-widget_type=\"spacer.default\">\n\t\t\t\t<div class=\"elementor-widget-container\">\n\t\t\t\t\t\t\t<div class=\"elementor-spacer\">\n\t\t\t<div class=\"elementor-spacer-inner\"><\/div>\n\t\t<\/div>\n\t\t\t\t\t\t<\/div>\n\t\t\t\t<\/div>\n\t\t\t\t<div class=\"elementor-element elementor-element-8a5690b elementor-widget__width-initial elementor-widget elementor-widget-bridge_cf_7\" data-id=\"8a5690b\" data-element_type=\"widget\" data-e-type=\"widget\" data-widget_type=\"bridge_cf_7.default\">\n\t\t\t\t<div class=\"elementor-widget-container\">\n\t\t\t\t\t    <div class=\"qode-contact-form-7 qode-contact-form-7-0\">\n    \n<div class=\"wpcf7 no-js\" id=\"wpcf7-f6-o1\" lang=\"fr-FR\" dir=\"ltr\" data-wpcf7-id=\"6\">\n<div class=\"screen-reader-response\"><p role=\"status\" aria-live=\"polite\" aria-atomic=\"true\"><\/p> <ul><\/ul><\/div>\n<form action=\"\/cuisines-et-bains\/wp-json\/wp\/v2\/pages\/106#wpcf7-f6-o1\" method=\"post\" class=\"wpcf7-form init cf7_custom_style_1\" aria-label=\"Formulaire de contact\" novalidate=\"novalidate\" data-status=\"init\">\n<fieldset class=\"hidden-fields-container\"><input type=\"hidden\" name=\"_wpcf7\" value=\"6\" \/><input type=\"hidden\" name=\"_wpcf7_version\" value=\"6.1.5\" \/><input type=\"hidden\" name=\"_wpcf7_locale\" value=\"fr_FR\" \/><input type=\"hidden\" name=\"_wpcf7_unit_tag\" value=\"wpcf7-f6-o1\" \/><input type=\"hidden\" name=\"_wpcf7_container_post\" value=\"0\" \/><input type=\"hidden\" name=\"_wpcf7_posted_data_hash\" value=\"\" \/>\n<\/fieldset>\n<p><label> Votre nom*<br \/>\n<span class=\"wpcf7-form-control-wrap\" data-name=\"your-name\"><input size=\"40\" maxlength=\"400\" class=\"wpcf7-form-control wpcf7-text wpcf7-validates-as-required\" aria-required=\"true\" aria-invalid=\"false\" value=\"\" type=\"text\" name=\"your-name\" \/><\/span> <\/label>\n<\/p>\n<p><label> Votre e-mail*<br \/>\n<span class=\"wpcf7-form-control-wrap\" data-name=\"your-email\"><input size=\"40\" maxlength=\"400\" class=\"wpcf7-form-control wpcf7-email wpcf7-validates-as-required wpcf7-text wpcf7-validates-as-email\" aria-required=\"true\" aria-invalid=\"false\" value=\"\" type=\"email\" name=\"your-email\" \/><\/span> <\/label>\n<\/p>\n<p><label> T\u00e9l\u00e9phone<br \/>\n<span class=\"wpcf7-form-control-wrap\" data-name=\"tel-153\"><input size=\"40\" maxlength=\"400\" class=\"wpcf7-form-control wpcf7-tel wpcf7-text wpcf7-validates-as-tel\" aria-invalid=\"false\" value=\"\" type=\"tel\" name=\"tel-153\" \/><\/span> <\/label>\n<\/p>\n<p><label> Objet*<br \/>\n<span class=\"wpcf7-form-control-wrap\" data-name=\"your-subject\"><input size=\"40\" maxlength=\"400\" class=\"wpcf7-form-control wpcf7-text wpcf7-validates-as-required\" aria-required=\"true\" aria-invalid=\"false\" value=\"\" type=\"text\" name=\"your-subject\" \/><\/span> <\/label>\n<\/p>\n<p><label> Votre message<br \/>\n<span class=\"wpcf7-form-control-wrap\" data-name=\"your-message\"><textarea cols=\"40\" rows=\"10\" maxlength=\"2000\" class=\"wpcf7-form-control wpcf7-textarea\" aria-invalid=\"false\" name=\"your-message\"><\/textarea><\/span> <\/label>\n<\/p>\n<p><input class=\"wpcf7-form-control wpcf7-submit has-spinner\" type=\"submit\" value=\"Envoyer\" \/>\n<\/p>\n<p>*Obligatoire\n<\/p><div class=\"wpcf7-response-output\" aria-hidden=\"true\"><\/div>\n<\/form>\n<\/div>\n    <\/div>\n\t\t\t\t<\/div>\n\t\t\t\t<\/div>\n\t\t\t\t<div class=\"elementor-element elementor-element-50e9221 elementor-widget elementor-widget-spacer\" data-id=\"50e9221\" data-element_type=\"widget\" data-e-type=\"widget\" data-widget_type=\"spacer.default\">\n\t\t\t\t<div class=\"elementor-widget-container\">\n\t\t\t\t\t\t\t<div class=\"elementor-spacer\">\n\t\t\t<div class=\"elementor-spacer-inner\"><\/div>\n\t\t<\/div>\n\t\t\t\t\t\t<\/div>\n\t\t\t\t<\/div>\n\t\t\t\t\t<\/div>\n\t\t<\/div>\n\t\t\t\t\t<\/div>\n\t\t<\/section>\n\t\t\t\t<section style=\"background-image: url(https:\/\/saniflam.com\/cuisines-et-bains\/wp-content\/uploads\/sites\/2\/2021\/09\/saniflam-cuisines-et-bains-salle-de-bain-bois-miroir-eclaire-etagere-metallique-design-verriere-rema.jpg);\" class=\"parallax_section_holder elementor-section elementor-top-section elementor-element elementor-element-5fa8d21 parallax_section_holder elementor-section-boxed elementor-section-height-default elementor-section-height-default qode_elementor_container_no\" data-speed=\"0\" data-id=\"5fa8d21\" data-element_type=\"section\" data-e-type=\"section\" data-settings=\"{&quot;qode_parallax_image&quot;:{&quot;url&quot;:&quot;https:\\\/\\\/saniflam.com\\\/cuisines-et-bains\\\/wp-content\\\/uploads\\\/sites\\\/2\\\/2021\\\/09\\\/saniflam-cuisines-et-bains-salle-de-bain-bois-miroir-eclaire-etagere-metallique-design-verriere-rema.jpg&quot;,&quot;id&quot;:1211,&quot;size&quot;:&quot;&quot;,&quot;alt&quot;:&quot;saniflam cuisines et bains salle de bain bois miroir \\u00e9clair\\u00e9 \\u00e9tag\\u00e8re m\\u00e9tallique design verri\\u00e8re rema&quot;,&quot;source&quot;:&quot;library&quot;}}\">\n\t\t\t\t\t\t<div class=\"elementor-container elementor-column-gap-default\">\n\t\t\t\t\t<div class=\"elementor-column elementor-col-100 elementor-top-column elementor-element elementor-element-0845358\" data-id=\"0845358\" data-element_type=\"column\" data-e-type=\"column\">\n\t\t\t<div class=\"elementor-widget-wrap elementor-element-populated\">\n\t\t\t\t\t\t<div class=\"elementor-element elementor-element-acd3bda elementor-widget elementor-widget-spacer\" data-id=\"acd3bda\" data-element_type=\"widget\" data-e-type=\"widget\" data-widget_type=\"spacer.default\">\n\t\t\t\t<div class=\"elementor-widget-container\">\n\t\t\t\t\t\t\t<div class=\"elementor-spacer\">\n\t\t\t<div class=\"elementor-spacer-inner\"><\/div>\n\t\t<\/div>\n\t\t\t\t\t\t<\/div>\n\t\t\t\t<\/div>\n\t\t\t\t\t<\/div>\n\t\t<\/div>\n\t\t\t\t\t<\/div>\n\t\t<\/section>\n\t\t\t\t<section class=\"elementor-section elementor-top-section elementor-element elementor-element-39805e1 elementor-section-boxed elementor-section-height-default elementor-section-height-default parallax_section_no qode_elementor_container_no\" data-id=\"39805e1\" data-element_type=\"section\" data-e-type=\"section\" data-settings=\"{&quot;background_background&quot;:&quot;classic&quot;}\">\n\t\t\t\t\t\t<div class=\"elementor-container elementor-column-gap-default\">\n\t\t\t\t\t<div class=\"elementor-column elementor-col-100 elementor-top-column elementor-element elementor-element-27a26d3\" data-id=\"27a26d3\" data-element_type=\"column\" data-e-type=\"column\">\n\t\t\t<div class=\"elementor-widget-wrap elementor-element-populated\">\n\t\t\t\t\t\t<div class=\"elementor-element elementor-element-69d5b09 elementor-widget elementor-widget-spacer\" data-id=\"69d5b09\" data-element_type=\"widget\" data-e-type=\"widget\" data-widget_type=\"spacer.default\">\n\t\t\t\t<div class=\"elementor-widget-container\">\n\t\t\t\t\t\t\t<div class=\"elementor-spacer\">\n\t\t\t<div class=\"elementor-spacer-inner\"><\/div>\n\t\t<\/div>\n\t\t\t\t\t\t<\/div>\n\t\t\t\t<\/div>\n\t\t\t\t\t<\/div>\n\t\t<\/div>\n\t\t\t\t\t<\/div>\n\t\t<\/section>\n\t\t\t\t<\/div>\n\t\t","protected":false},"excerpt":{"rendered":"<p>Pour nous contacter\u2026 Pour toute demande d\u2019information ou prise de rendez-vous : +33 4 79 04 05 12 Pour nous faire parvenir un message, veuillez remplir les champs ci-dessous, nous vous r\u00e9pondrons dans les plus brefs d\u00e9lais. Votre nom* Votre e-mail* T\u00e9l\u00e9phone Objet* Votre message&#8230;<\/p>\n","protected":false},"author":1,"featured_media":0,"parent":0,"menu_order":0,"comment_status":"closed","ping_status":"closed","template":"full_width.php","meta":{"footnotes":""},"class_list":["post-106","page","type-page","status-publish","hentry"],"yoast_head":"<!-- This site is optimized with the Yoast SEO plugin v26.8 - https:\/\/yoast.com\/product\/yoast-seo-wordpress\/ -->\n<title>Conception et vente de cuisines et salles de bains \u00e0 Bourg-Saint-Maurice<\/title>\n<meta name=\"description\" content=\"Venez voir notre exposition et contactez la conseill\u00e8re sp\u00e9cialis\u00e9e pour la cr\u00e9ation de votre cuisine ou salle de bains \u00e0 Bourg-Saint-Maurice\" \/>\n<meta name=\"robots\" content=\"index, follow, max-snippet:-1, max-image-preview:large, max-video-preview:-1\" \/>\n<link rel=\"canonical\" href=\"https:\/\/saniflam.com\/cuisines-et-bains\/contact\/\" \/>\n<meta property=\"og:locale\" content=\"fr_FR\" \/>\n<meta property=\"og:type\" content=\"article\" \/>\n<meta property=\"og:title\" content=\"Conception et vente de cuisines et salles de bains \u00e0 Bourg-Saint-Maurice\" \/>\n<meta property=\"og:description\" content=\"Venez voir notre exposition et contactez la conseill\u00e8re sp\u00e9cialis\u00e9e pour la cr\u00e9ation de votre cuisine ou salle de bains \u00e0 Bourg-Saint-Maurice\" \/>\n<meta property=\"og:url\" content=\"https:\/\/saniflam.com\/cuisines-et-bains\/contact\/\" \/>\n<meta property=\"og:site_name\" content=\"Cuisines et Bains\" \/>\n<meta property=\"article:modified_time\" content=\"2023-12-11T16:08:21+00:00\" \/>\n<meta name=\"twitter:card\" content=\"summary_large_image\" \/>\n<meta name=\"twitter:label1\" content=\"Dur\u00e9e de lecture estim\u00e9e\" \/>\n\t<meta name=\"twitter:data1\" content=\"1 minute\" \/>\n<script type=\"application\/ld+json\" class=\"yoast-schema-graph\">{\"@context\":\"https:\/\/schema.org\",\"@graph\":[{\"@type\":\"WebPage\",\"@id\":\"https:\/\/saniflam.com\/cuisines-et-bains\/contact\/\",\"url\":\"https:\/\/saniflam.com\/cuisines-et-bains\/contact\/\",\"name\":\"Conception et vente de cuisines et salles de bains \u00e0 Bourg-Saint-Maurice\",\"isPartOf\":{\"@id\":\"https:\/\/saniflam.com\/cuisines-et-bains\/#website\"},\"datePublished\":\"2020-09-02T11:09:55+00:00\",\"dateModified\":\"2023-12-11T16:08:21+00:00\",\"description\":\"Venez voir notre exposition et contactez la conseill\u00e8re sp\u00e9cialis\u00e9e pour la cr\u00e9ation de votre cuisine ou salle de bains \u00e0 Bourg-Saint-Maurice\",\"breadcrumb\":{\"@id\":\"https:\/\/saniflam.com\/cuisines-et-bains\/contact\/#breadcrumb\"},\"inLanguage\":\"fr-FR\",\"potentialAction\":[{\"@type\":\"ReadAction\",\"target\":[\"https:\/\/saniflam.com\/cuisines-et-bains\/contact\/\"]}]},{\"@type\":\"BreadcrumbList\",\"@id\":\"https:\/\/saniflam.com\/cuisines-et-bains\/contact\/#breadcrumb\",\"itemListElement\":[{\"@type\":\"ListItem\",\"position\":1,\"name\":\"Accueil\",\"item\":\"https:\/\/saniflam.com\/cuisines-et-bains\/\"},{\"@type\":\"ListItem\",\"position\":2,\"name\":\"Contact\"}]},{\"@type\":\"WebSite\",\"@id\":\"https:\/\/saniflam.com\/cuisines-et-bains\/#website\",\"url\":\"https:\/\/saniflam.com\/cuisines-et-bains\/\",\"name\":\"Cuisines et Bains\",\"description\":\"\",\"potentialAction\":[{\"@type\":\"SearchAction\",\"target\":{\"@type\":\"EntryPoint\",\"urlTemplate\":\"https:\/\/saniflam.com\/cuisines-et-bains\/?s={search_term_string}\"},\"query-input\":{\"@type\":\"PropertyValueSpecification\",\"valueRequired\":true,\"valueName\":\"search_term_string\"}}],\"inLanguage\":\"fr-FR\"}]}<\/script>\n<!-- \/ Yoast SEO plugin. -->","yoast_head_json":{"title":"Conception et vente de cuisines et salles de bains \u00e0 Bourg-Saint-Maurice","description":"Venez voir notre exposition et contactez la conseill\u00e8re sp\u00e9cialis\u00e9e pour la cr\u00e9ation de votre cuisine ou salle de bains \u00e0 Bourg-Saint-Maurice","robots":{"index":"index","follow":"follow","max-snippet":"max-snippet:-1","max-image-preview":"max-image-preview:large","max-video-preview":"max-video-preview:-1"},"canonical":"https:\/\/saniflam.com\/cuisines-et-bains\/contact\/","og_locale":"fr_FR","og_type":"article","og_title":"Conception et vente de cuisines et salles de bains \u00e0 Bourg-Saint-Maurice","og_description":"Venez voir notre exposition et contactez la conseill\u00e8re sp\u00e9cialis\u00e9e pour la cr\u00e9ation de votre cuisine ou salle de bains \u00e0 Bourg-Saint-Maurice","og_url":"https:\/\/saniflam.com\/cuisines-et-bains\/contact\/","og_site_name":"Cuisines et Bains","article_modified_time":"2023-12-11T16:08:21+00:00","twitter_card":"summary_large_image","twitter_misc":{"Dur\u00e9e de lecture estim\u00e9e":"1 minute"},"schema":{"@context":"https:\/\/schema.org","@graph":[{"@type":"WebPage","@id":"https:\/\/saniflam.com\/cuisines-et-bains\/contact\/","url":"https:\/\/saniflam.com\/cuisines-et-bains\/contact\/","name":"Conception et vente de cuisines et salles de bains \u00e0 Bourg-Saint-Maurice","isPartOf":{"@id":"https:\/\/saniflam.com\/cuisines-et-bains\/#website"},"datePublished":"2020-09-02T11:09:55+00:00","dateModified":"2023-12-11T16:08:21+00:00","description":"Venez voir notre exposition et contactez la conseill\u00e8re sp\u00e9cialis\u00e9e pour la cr\u00e9ation de votre cuisine ou salle de bains \u00e0 Bourg-Saint-Maurice","breadcrumb":{"@id":"https:\/\/saniflam.com\/cuisines-et-bains\/contact\/#breadcrumb"},"inLanguage":"fr-FR","potentialAction":[{"@type":"ReadAction","target":["https:\/\/saniflam.com\/cuisines-et-bains\/contact\/"]}]},{"@type":"BreadcrumbList","@id":"https:\/\/saniflam.com\/cuisines-et-bains\/contact\/#breadcrumb","itemListElement":[{"@type":"ListItem","position":1,"name":"Accueil","item":"https:\/\/saniflam.com\/cuisines-et-bains\/"},{"@type":"ListItem","position":2,"name":"Contact"}]},{"@type":"WebSite","@id":"https:\/\/saniflam.com\/cuisines-et-bains\/#website","url":"https:\/\/saniflam.com\/cuisines-et-bains\/","name":"Cuisines et Bains","description":"","potentialAction":[{"@type":"SearchAction","target":{"@type":"EntryPoint","urlTemplate":"https:\/\/saniflam.com\/cuisines-et-bains\/?s={search_term_string}"},"query-input":{"@type":"PropertyValueSpecification","valueRequired":true,"valueName":"search_term_string"}}],"inLanguage":"fr-FR"}]}},"_links":{"self":[{"href":"https:\/\/saniflam.com\/cuisines-et-bains\/wp-json\/wp\/v2\/pages\/106","targetHints":{"allow":["GET"]}}],"collection":[{"href":"https:\/\/saniflam.com\/cuisines-et-bains\/wp-json\/wp\/v2\/pages"}],"about":[{"href":"https:\/\/saniflam.com\/cuisines-et-bains\/wp-json\/wp\/v2\/types\/page"}],"author":[{"embeddable":true,"href":"https:\/\/saniflam.com\/cuisines-et-bains\/wp-json\/wp\/v2\/users\/1"}],"replies":[{"embeddable":true,"href":"https:\/\/saniflam.com\/cuisines-et-bains\/wp-json\/wp\/v2\/comments?post=106"}],"version-history":[{"count":4,"href":"https:\/\/saniflam.com\/cuisines-et-bains\/wp-json\/wp\/v2\/pages\/106\/revisions"}],"predecessor-version":[{"id":1375,"href":"https:\/\/saniflam.com\/cuisines-et-bains\/wp-json\/wp\/v2\/pages\/106\/revisions\/1375"}],"wp:attachment":[{"href":"https:\/\/saniflam.com\/cuisines-et-bains\/wp-json\/wp\/v2\/media?parent=106"}],"curies":[{"name":"wp","href":"https:\/\/api.w.org\/{rel}","templated":true}]}}